{"id":3004,"date":"2023-10-09T18:48:09","date_gmt":"2023-10-09T15:48:09","guid":{"rendered":"https:\/\/ulasti.com\/?page_id=3004"},"modified":"2023-10-11T14:19:27","modified_gmt":"2023-10-11T11:19:27","slug":"cerez-politikasi","status":"publish","type":"page","link":"https:\/\/ulasti.com\/en\/cerez-politikasi\/","title":{"rendered":"Cookie Policy"},"content":{"rendered":"<div class=\"page\" title=\"Page 1\">\n<div class=\"section\">\n<div class=\"layoutArea\">\n<div class=\"column\">\n<h1 style=\"text-align: center;\"><strong>C\u0327erez Politikas\u0131<\/strong><\/h1>\n<p>C\u0327erez Politikam\u0131z, ULAS\u0327TI TEKSTI\u0307L U\u0308RU\u0308NLERI\u0307 VE AYAKKABI MALZEMELERI\u0307 SANAYI\u0307 TI\u0307CARET ANONI\u0307M S\u0327I\u0307RKETI\u0307 Gizlilik Politikam\u0131z\u0131n bir parc\u0327as\u0131n\u0131 olus\u0327turur.<\/p>\n<p>C\u0327erez (Cookie) Nedir?<\/p>\n<p>Gu\u0308nu\u0308mu\u0308zde neredeyse her web sitesi c\u0327erez kullanmaktad\u0131r. Size daha iyi, h\u0131zl\u0131 ve gu\u0308venli bir deneyim sag\u0306lamak ic\u0327in, c\u0327og\u0306u internet sitesi gibi biz de c\u0327erezler kullan\u0131yoruz. C\u0327erez, bir web sitesini ziyaret ettig\u0306inizde cihaz\u0131n\u0131za (o\u0308rneg\u0306in; bilgisayar veya cep telefonu) depolanan ku\u0308c\u0327u\u0308k bir metin dosyas\u0131d\u0131r. C\u0327erezler, bir web sitesini ilk ziyaretiniz s\u0131ras\u0131nda taray\u0131c\u0131n\u0131z arac\u0131l\u0131g\u0306\u0131yla cihaz\u0131n\u0131za depolanabilirler. Ayn\u0131 siteyi ayn\u0131 cihazla tekrar ziyaret ettig\u0306inizde taray\u0131c\u0131n\u0131z cihaz\u0131n\u0131zda site ad\u0131na kay\u0131tl\u0131 bir c\u0327erez olup olmad\u0131g\u0306\u0131n\u0131 kontrol eder. Eg\u0306er kay\u0131t var ise, kayd\u0131n ic\u0327indeki veriyi ziyaret etmekte oldug\u0306unuz web sitesine iletir. Bu sayede web sitesi, sizin siteyi daha o\u0308nce ziyaret ettig\u0306inizi anlar ve size iletilecek ic\u0327erig\u0306i de ona go\u0308re tayin eder.<\/p>\n<p>C\u0327erezler Neden Kullan\u0131l\u0131r?<\/p>\n<p>Baz\u0131 c\u0327erezler, daha o\u0308nceki ziyaretlerinizde kulland\u0131g\u0306\u0131n\u0131z tercihlerin web sitesi taraf\u0131ndan hat\u0131rlanmas\u0131n\u0131 sag\u0306layarak, sonraki ziyaretlerinizin c\u0327ok daha kullan\u0131c\u0131 dostu ve kis\u0327iselles\u0327tirilmis\u0327 bir deneyim sunmas\u0131n\u0131 sag\u0306lar.<br \/>Ayr\u0131ca, web sitesinde bulunan u\u0308c\u0327u\u0308ncu\u0308 taraflara ait linkler, bu u\u0308c\u0327u\u0308ncu\u0308 taraflara ait gizlilik politikalar\u0131na tabi olmakla birlikte, gizlilik uygulamalar\u0131na ait<br \/>sorumluluk , ULAS\u0327TI TEKSTI\u0307L U\u0308RU\u0308NLERI\u0307 VE AYAKKABI MALZEMELERI\u0307 SANAYI\u0307 TI\u0307CARET ANONI\u0307M S\u0327I\u0307RKETI\u0307 ait olmamaktad\u0131r ve bu bag\u0306lamda ilgili link kapsam\u0131ndaki site ziyaret edildig\u0306inde siteye ait gizlilik politikas\u0131n\u0131n okunmas\u0131 o\u0308nerilmektedir.<\/p>\n<p>C\u0327erez Tu\u0308rleri<\/p>\n<p>Ana kullan\u0131m amac\u0131 kullan\u0131c\u0131lara kolayl\u0131k sag\u0306lamak olan c\u0327erezler, temel olarak 4 ana grupta toplanmaktad\u0131r:<\/p>\n<\/div>\n<\/div>\n<\/div>\n<div class=\"section\">\n<div class=\"layoutArea\">\n<div class=\"column\">\n<ul>\n<li>\n<p>Oturum C\u0327erezleri: Internet sayfalar\u0131 aras\u0131nda bilgi tas\u0327\u0131nmas\u0131 ve kullan\u0131c\u0131 taraf\u0131ndan girilen bilgilerin sistemsel olarak hat\u0131rlanmas\u0131 gibi c\u0327es\u0327itli o\u0308zelliklerden faydalanmaya olanak sag\u0306layan c\u0327erezlerdir ve internet sitesine ait fonksiyonlar\u0131n du\u0308zgu\u0308n bir s\u0327ekilde is\u0327leyebilmesi ic\u0327in gereklidir.<\/p>\n<\/li>\n<li>\n<p>Performans C\u0327erezleri: Sayfalar\u0131n ziyaret edilme frekans\u0131, olas\u0131 hata iletileri, kullan\u0131c\u0131lar\u0131n ilgili sayfada harcad\u0131klar\u0131 toplam zaman ile birlikte siteyi kullan\u0131m desenleri konular\u0131nda bilgi toplayan c\u0327erezlerdir ve internet sitesinin performans\u0131n\u0131 artt\u0131rma amac\u0131yla kullan\u0131lmaktad\u0131r.<\/p>\n<\/li>\n<li>\n<p>Fonksiyonel C\u0327erezler: Kullan\u0131c\u0131ya kolayl\u0131k sag\u0306lanmas\u0131 amac\u0131yla o\u0308nceden sec\u0327ili olan sec\u0327eneklerin hat\u0131rlat\u0131lmas\u0131n\u0131 sag\u0306layan c\u0327erezlerdir ve internet sitesi kapsam\u0131nda kullan\u0131c\u0131lara gelis\u0327mis\u0327 Internet o\u0308zellikleri sag\u0306lanmas\u0131n\u0131 hedeflemektedir.<\/p>\n<\/li>\n<\/ul>\n<\/div>\n<\/div>\n<\/div>\n<\/div>\n<div class=\"page\" title=\"Page 2\">\n<div class=\"layoutArea\">\n<div class=\"column\">\n<p>\u2022 Reklam ve U\u0308c\u0327u\u0308ncu\u0308 Taraf C\u0327erezleri: U\u0308c\u0327u\u0308ncu\u0308 parti tedarikc\u0327ilere ait c\u0327erezlerdir ve internet sitesindeki baz\u0131 fonksiyonlar\u0131n kullan\u0131m\u0131na ve reklam takibinin yap\u0131lmas\u0131na olanak sag\u0306lamaktad\u0131r.<\/p>\n<\/div>\n<\/div>\n<div class=\"section\">\n<div class=\"layoutArea\">\n<div class=\"column\">\n<p>C\u0327erezlerin Kullan\u0131m Amac\u0327lar\u0131<\/p>\n<p>Al\u0131s\u0327veris\u0327 Noktas\u0131 taraf\u0131ndan kullan\u0131lmakta olan c\u0327erezlere ait kullan\u0131m amac\u0327lar\u0131 as\u0327ag\u0306\u0131daki gibidir:<\/p>\n<\/div>\n<\/div>\n<\/div>\n<div class=\"section\">\n<div class=\"layoutArea\">\n<div class=\"column\">\n<ul>\n<li>\n<p>Gu\u0308venlik amac\u0327l\u0131 kullan\u0131mlar: Al\u0131s\u0327veris\u0327 Noktas\u0131, sistemlerinin idaresi ve gu\u0308venlig\u0306inin sag\u0306lanmas\u0131 amac\u0131yla, bu sitedeki fonksiyonlardan yararlanmay\u0131 sag\u0306layan veyahut du\u0308zensiz davran\u0131s\u0327lar\u0131 tespit eden c\u0327erezler kullanabilmektedir.<\/p>\n<\/li>\n<li>\n<p>I\u0307s\u0327levsellig\u0306e yo\u0308nelik kullan\u0131mlar: Al\u0131s\u0327veris\u0327 Noktas\u0131, sistemlerinin kullan\u0131m\u0131n\u0131 kolaylas\u0327t\u0131rmak ve kullan\u0131c\u0131 o\u0308zelinde kullan\u0131m o\u0308zellikleri sag\u0306lamak amac\u0131yla, kullan\u0131c\u0131lar\u0131n bilgilerini ve gec\u0327mis\u0327 sec\u0327imlerini hat\u0131rlatan c\u0327erezler kullanabilmektedir.<\/p>\n<\/li>\n<li>\n<p>Performansa yo\u0308nelik kullan\u0131mlar: Al\u0131s\u0327veris\u0327 Noktas\u0131, sistemlerinin performans\u0131n\u0131n art\u0131r\u0131lmas\u0131 ve o\u0308lc\u0327u\u0308lmesi amac\u0131yla, go\u0308nderilen iletilerle olan etkiles\u0327imi ve kullan\u0131c\u0131 davran\u0131s\u0327lar\u0131n\u0131 deg\u0306erlendiren ve analiz eden c\u0327erezler kullanabilmektedir.<\/p>\n<\/li>\n<li>\n<p>Reklam amac\u0327l\u0131 kullan\u0131mlar: Al\u0131s\u0327veris\u0327 Noktas\u0131, kendine veya u\u0308c\u0327u\u0308ncu\u0308 taraflara ait sistemlerin u\u0308zerinden kullan\u0131c\u0131lar\u0131n ilgi alanlar\u0131 kapsam\u0131nda reklam ve benzeri ic\u0327eriklerin iletilmesi amac\u0131yla, bu reklamlar\u0131n etkinlig\u0306ini o\u0308lc\u0327en veya t\u0131klanma durumunu analiz eden c\u0327erezler kullanabilmektedir.<\/p>\n<\/li>\n<\/ul>\n<\/div>\n<\/div>\n<\/div>\n<div class=\"section\">\n<div class=\"layoutArea\">\n<div class=\"column\">\n<p>Reklam Amac\u0327l\u0131 C\u0327erez Kullan\u0131m\u0131m\u0131z<\/p>\n<p>Al\u0131s\u0327veris\u0327 Noktas\u0131, Google Adsense reklam sistemi kullanmaktad\u0131r. Bu sistem Google taraf\u0131ndan I\u0307c\u0327erik ic\u0327in AdSense reklamlar\u0131n\u0131n go\u0308ru\u0308ntu\u0308lendig\u0306i yay\u0131nc\u0131 web sitelerinde sunulan reklamlarda kullan\u0131lan DoubleClick DART c\u0327erezi ic\u0327erir.<\/p>\n<p>U\u0308c\u0327u\u0308ncu\u0308 taraf sat\u0131c\u0131 olarak Google, sitemizde reklam yay\u0131nlamak ic\u0327in c\u0327erezlerden yararlan\u0131r. Bu c\u0327erezlerini kullanarak kullan\u0131c\u0131lar\u0131n\u0131za, sitenize ve I\u0307nternet\u2019teki dig\u0306er sitelere yapt\u0131klar\u0131 ziyaretlere dayal\u0131 reklamlar sunar. Google reklam ve ic\u0327erik ag\u0306\u0131 gizlilik politikas\u0131n\u0131 ziyaret ederek DART c\u0327erezinin kullan\u0131lmas\u0131n\u0131 engelleyebilirsiniz.<\/p>\n<p>Google Web sitemizi ziyaret ettig\u0306i zamanlarda reklam hizmeti vermek ic\u0327in u\u0308c\u0327u\u0308ncu\u0308 taraf reklam s\u0327irketlerini kullanmaktad\u0131r. So\u0308z konusu s\u0327irketler, bu sitelere ve dig\u0306er web sitelerine yapt\u0131g\u0306\u0131n\u0131z ziyaretlerden elde ettikleri (ad\u0131n\u0131z, adresiniz, e-posta adresiniz veya telefon numaran\u0131z d\u0131s\u0327\u0131ndaki) bilgileri ilginizi c\u0327ekecek u\u0308ru\u0308n ve hizmetlerin reklam\u0131n\u0131 size go\u0308stermek ic\u0327in kullanabilir.<\/p>\n<p>C\u0327erezleri Kontrol Etme ve Silme<\/p>\n<p>C\u0327erezlerin kullan\u0131m\u0131na ilis\u0327kin tercihlerinizi deg\u0306is\u0327tirmek ya da c\u0327erezleri engellemek veya silmek ic\u0327in taray\u0131c\u0131n\u0131z\u0131n ayarlar\u0131n\u0131 deg\u0306is\u0327tirmeniz yeterlidir. Birc\u0327ok taray\u0131c\u0131 c\u0327erezleri kontrol edebilmeniz ic\u0327in size c\u0327erezleri kabul etme veya reddetme, yaln\u0131zca belirli tu\u0308rdeki c\u0327erezleri kabul etme ya da bir web sitesi cihaz\u0131n\u0131za c\u0327erez depolamay\u0131<\/p>\n<\/div>\n<\/div>\n<\/div>\n<\/div>\n<div class=\"page\" title=\"Page 3\">\n<div class=\"section\">\n<div class=\"layoutArea\">\n<div class=\"column\">\n<p>talep ettig\u0306inde taray\u0131c\u0131 taraf\u0131ndan uyar\u0131lma sec\u0327eneg\u0306i sunar. Ayn\u0131 zamanda daha o\u0308nce taray\u0131c\u0131n\u0131za kaydedilmis\u0327 c\u0327erezlerin silinmesi de mu\u0308mku\u0308ndu\u0308r. C\u0327erezleri kontrol edilmesine veya silinmesine ilis\u0327kin is\u0327lemler kulland\u0131g\u0306\u0131n\u0131z taray\u0131c\u0131ya go\u0308re deg\u0306is\u0327ebilmektedir.<\/p>\n<\/div>\n<\/div>\n<\/div>\n<\/div>","protected":false},"excerpt":{"rendered":"","protected":false},"author":1,"featured_media":0,"parent":0,"menu_order":0,"comment_status":"closed","ping_status":"closed","template":"","meta":{"footnotes":""},"class_list":["post-3004","page","type-page","status-publish","hentry"],"_links":{"self":[{"href":"https:\/\/ulasti.com\/en\/wp-json\/wp\/v2\/pages\/3004","targetHints":{"allow":["GET"]}}],"collection":[{"href":"https:\/\/ulasti.com\/en\/wp-json\/wp\/v2\/pages"}],"about":[{"href":"https:\/\/ulasti.com\/en\/wp-json\/wp\/v2\/types\/page"}],"author":[{"embeddable":true,"href":"https:\/\/ulasti.com\/en\/wp-json\/wp\/v2\/users\/1"}],"replies":[{"embeddable":true,"href":"https:\/\/ulasti.com\/en\/wp-json\/wp\/v2\/comments?post=3004"}],"version-history":[{"count":2,"href":"https:\/\/ulasti.com\/en\/wp-json\/wp\/v2\/pages\/3004\/revisions"}],"predecessor-version":[{"id":3124,"href":"https:\/\/ulasti.com\/en\/wp-json\/wp\/v2\/pages\/3004\/revisions\/3124"}],"wp:attachment":[{"href":"https:\/\/ulasti.com\/en\/wp-json\/wp\/v2\/media?parent=3004"}],"curies":[{"name":"wp","href":"https:\/\/api.w.org\/{rel}","templated":true}]}}