{"id":3002,"date":"2023-10-09T18:47:57","date_gmt":"2023-10-09T15:47:57","guid":{"rendered":"https:\/\/ulasti.com\/?page_id=3002"},"modified":"2023-10-11T15:00:31","modified_gmt":"2023-10-11T12:00:31","slug":"gizlilik-politikasi","status":"publish","type":"page","link":"https:\/\/ulasti.com\/en\/gizlilik-politikasi\/","title":{"rendered":"Privacy Policy"},"content":{"rendered":"<div class=\"page\" title=\"Page 1\">\n<div class=\"section\">\n<div class=\"layoutArea\">\n<div class=\"column\">\n<h1 style=\"text-align: center;\"><strong>Gizlilik Politikas\u0131 Kis\u0327isel Verilerin Korunmas\u0131<\/strong><\/h1>\n<p>ULAS\u0327TI TEKSTI\u0307L U\u0308RU\u0308NLERI\u0307 VE AYAKKABI MALZEMELERI\u0307 SANAYI\u0307 TI\u0307CARET ANONI\u0307M S\u0327I\u0307RKETI\u0307 ile paylas\u0327t\u0131g\u0306\u0131n\u0131z kis\u0327isel verileriniz, s\u0327irketimizin korumas\u0131 alt\u0131ndad\u0131r. S\u0327irketimiz kis\u0327isel verilerinizin gu\u0308venli s\u0327ekilde tutulmas\u0131 ve 6698 Say\u0131l\u0131 Kis\u0327isel Verilerin Korunmas\u0131 Kanunu\u2019na uygun olarak is\u0327lenmesi ic\u0327in gerekli teknik ve idari tedbirleri uygulamaktad\u0131r.<\/p>\n<p>Al\u0131s\u0327veris\u0327 Noktas\u0131 olarak, yapt\u0131g\u0306\u0131m\u0131z iletis\u0327imler ve Kis\u0327isel Verilerinizin I\u0307s\u0327lenmesi ile ilgili uygulamalar\u0131m\u0131z ve Kis\u0327isel Verilerin Korunmas\u0131 Kanunu kapsam\u0131ndaki haklar\u0131n\u0131z hususunda sizleri bilgilendirmek isteriz.<\/p>\n<p>Kis\u0327isel bilgilerinizden kim sorumludur?<\/p>\n<p>Zu\u0308mru\u0308t Elif Koc\u0327yig\u0306it yurtic\u0327indeki\/yurtd\u0131s\u0327\u0131ndaki mevcut ve\/veya mu\u0308stakbel, bag\u0306l\u0131 kurulus\u0327lar\u0131n\u0131, is\u0327tiraklerini, ortak tes\u0327ebbu\u0308slerini ve bunlar\u0131n tu\u0308m s\u0327ubeleri ile ofislerini ifade eder), 6698 say\u0131l\u0131 Kis\u0327isel Verilerin Korunmas\u0131 Kanunu\u2019nda (\u201cKVKK\u201d) tan\u0131ml\u0131 s\u0327ekli ile \u201cVeri Sorumlusu\u201d s\u0131fat\u0131yla kis\u0327isel verilerinizi as\u0327ag\u0306\u0131da izah edildig\u0306i surette ve mevzuat taraf\u0131ndan emredilen s\u0131n\u0131rlar c\u0327erc\u0327evesinde is\u0327lemekteyiz.<\/p>\n<p>Kis\u0327isel Verilerin Toplanmas\u0131, I\u0307s\u0327lenmesi ve I\u0307s\u0327lenme<\/p>\n<h3><strong>Amac\u0327lar\u0131<\/strong><\/h3>\n<p>Kis\u0327isel verileriniz, Al\u0131s\u0327veris\u0327 Noktas\u0131 taraf\u0131ndan sag\u0306lanan hizmet ve ticari faaliyetlerine bag\u0306l\u0131 olarak deg\u0306is\u0327kenlik go\u0308sterebilmekle birlikte; otomatik ya da otomatik olmayan yo\u0308ntemlerle, Al\u0131s\u0327veris\u0327 Noktas\u0131 birimleri ve ofisler, internet sitesi, sosyal medya mecralar\u0131, mobil uygulamalar ve benzeri vas\u0131talarla so\u0308zlu\u0308, yaz\u0131l\u0131 ya da elektronik olarak toplanabilecektir. Al\u0131s\u0327veris\u0327 Noktas\u0131 sundug\u0306u u\u0308ru\u0308n ve hizmetlerden yararland\u0131g\u0306\u0131n\u0131z mu\u0308ddetc\u0327e olus\u0327turularak ve gu\u0308ncellenerek kis\u0327isel verileriniz is\u0327lenebilecektir.<\/p>\n<p>Ayr\u0131ca, Al\u0131s\u0327veris\u0327 Noktas\u0131 hizmetlerini kullanmak amac\u0131yla c\u0327ag\u0306r\u0131 merkezlerimizi veya internet sayfam\u0131z\u0131 kulland\u0131g\u0306\u0131n\u0131zda veya internet sitemizi ziyaret ettig\u0306inizde, Al\u0131s\u0327veris\u0327 Noktas\u0131\u2019n\u0131n du\u0308zenledig\u0306i organizasyonlara kat\u0131ld\u0131g\u0306\u0131n\u0131zda kis\u0327isel verileriniz is\u0327lenebilecektir.<\/p>\n<p>Toplanan kis\u0327isel verileriniz, Al\u0131s\u0327veris\u0327 Noktas\u0131 taraf\u0131ndan sunulan u\u0308ru\u0308n ve hizmetlerden sizleri faydaland\u0131rmak ic\u0327in gerekli c\u0327al\u0131s\u0327malar\u0131n is\u0327 birimlerimiz taraf\u0131ndan yap\u0131lmas\u0131, Al\u0131s\u0327veris\u0327 Noktas\u0131 taraf\u0131ndan sunulan u\u0308ru\u0308n ve hizmetlerin sizlerin beg\u0306eni, kullan\u0131m al\u0131s\u0327kanl\u0131klar\u0131 ve ihtiyac\u0327lar\u0131na go\u0308re o\u0308zelles\u0327tirilerek sizlere o\u0308nerilmesi, Al\u0131s\u0327veris\u0327 Noktas\u0131 ile is\u0327 ilis\u0327kisi ic\u0327erisinde olan kis\u0327ilerin hukuki ve ticari gu\u0308venlig\u0306inin temini, ticari ve is\u0327 stratejilerinin belirlenmesi ve uygulanmas\u0131 amac\u0327lar\u0131yla KVKK\u2019n\u0131n 5. ve 6. maddelerinde belirtilen kis\u0327isel veri is\u0327leme s\u0327artlar\u0131 ve amac\u0327lar\u0131 da\u0302hilinde is\u0327lenecektir.<\/p>\n<p>I\u0307s\u0327lenen Kis\u0327isel Verilerin Kimlere ve Hangi Amac\u0327la<\/p>\n<p>Aktar\u0131labileceg\u0306i<\/p>\n<p>Toplanan kis\u0327isel verileriniz; Al\u0131s\u0327veris\u0327 Noktas\u0131 taraf\u0131ndan sunulan u\u0308ru\u0308n ve hizmetlerden sizleri faydaland\u0131rmak ic\u0327in gerekli c\u0327al\u0131s\u0327malar\u0131n is\u0327 birimlerimiz taraf\u0131ndan yap\u0131lmas\u0131, Al\u0131s\u0327veris\u0327 Noktas\u0131 taraf\u0131ndan sunulan u\u0308ru\u0308n ve hizmetlerin sizlerin beg\u0306eni, kullan\u0131m al\u0131s\u0327kanl\u0131klar\u0131 ve ihtiyac\u0327lar\u0131na go\u0308re o\u0308zelles\u0327tirilerek sizlere o\u0308nerilmesi, Al\u0131s\u0327veris\u0327 Noktas\u0131 ile is\u0327 ilis\u0327kisi ic\u0327erisinde olan kis\u0327ilerin hukuki ve ticari gu\u0308venlig\u0306inin temini, ticari ve is\u0327 stratejilerinin belirlenmesi ve uygulanmas\u0131 ile amac\u0327lar\u0131yla is\u0327 ortaklar\u0131m\u0131za, tedarikc\u0327ilerimize, yetkililerine, hissedarlar\u0131m\u0131za, kanunen yetkili kamu kurumlar\u0131 ve o\u0308zel kis\u0327ilere, KVKK\u2019n\u0131n 8. ve 9. maddelerinde belirtilen kis\u0327isel veri is\u0327leme s\u0327artlar\u0131 ve amac\u0327lar\u0131 c\u0327erc\u0327evesinde aktar\u0131labilecektir.<\/p>\n<\/div>\n<\/div>\n<\/div>\n<\/div>\n<div class=\"page\" title=\"Page 2\">\n<div class=\"section\">\n<div class=\"layoutArea\">\n<div class=\"column\">\n<p>Kis\u0327isel Veri Toplaman\u0131n Yo\u0308ntemi ve Hukuki<\/p>\n<p>Sebebi<\/p>\n<p>Kis\u0327isel verileriniz, her tu\u0308rlu\u0308 so\u0308zlu\u0308, yaz\u0131l\u0131 ya da elektronik ortamda, yukar\u0131da yer verilen amac\u0327lar dog\u0306rultusunda S\u0327irketc\u0327e sundug\u0306umuz u\u0308ru\u0308n ve hizmetlerin belirlenen yasal c\u0327erc\u0327evede sunulabilmesi ve bu kapsamda S\u0327irketimizin so\u0308zles\u0327me ve yasadan dog\u0306an mesuliyetlerini eksiksiz ve dog\u0306ru bir s\u0327ekilde yerine getirebilmesi gayesi ile edinilir. Bu hukuki sebeple toplanan kis\u0327isel verileriniz KVKK\u2019n\u0131n 5. ve 6. maddelerinde belirtilen kis\u0327isel veri is\u0327leme s\u0327artlar\u0131 ve amac\u0327lar\u0131 kapsam\u0131nda bu metnin (1) ve (2) numaral\u0131 maddelerinde belirtilen amac\u0327larla da is\u0327lenebilmekte ve aktar\u0131labilmektedir.<\/p>\n<p>Dig\u0306er sag\u0306lay\u0131c\u0131lar\u0131n web sitelerine bag\u0306lant\u0131lar<\/p>\n<p>Sitemiz, dig\u0306er sag\u0306lay\u0131c\u0131lar\u0131n web sitelerine linkler ic\u0327erebilir. Bag\u0306lant\u0131 kurulduktan sonra dog\u0306rudan bag\u0306lant\u0131l\u0131 web sitelerini kontrol eden Al\u0131s\u0327veris\u0327 Noktas\u0131, yasal ihlallerden ar\u0131nm\u0131s\u0327 olduklar\u0131n\u0131 belirtmis\u0327tir. Bununla birlikte, Al\u0131s\u0327veris\u0327 Noktas\u0131 bag\u0306lant\u0131l\u0131 web sitelerinin ic\u0327erig\u0306i u\u0308zerinde hic\u0327bir etkisi yoktur ve bunlar\u0131 su\u0308rekli olarak izleyemez. Dolay\u0131s\u0131yla, bag\u0306lant\u0131 olus\u0327turulduktan sonra deg\u0306is\u0327tirilen bag\u0306lant\u0131l\u0131 web sitelerinin ic\u0327erig\u0306i ic\u0327in Al\u0131s\u0327veris\u0327 Noktas\u0131 hic\u0327bir sorumluluk kabul etmez. Bu veri koruma anlas\u0327mas\u0131, dig\u0306er sag\u0306lay\u0131c\u0131lar\u0131n bag\u0306lant\u0131l\u0131 web siteleri ic\u0327in gec\u0327erli deg\u0306ildir.<\/p>\n<p>C\u0327erezler<\/p>\n<p>C\u0327erezler, bilgisayar\u0131n\u0131zda saklanan ve taray\u0131c\u0131n\u0131z taraf\u0131ndan kaydedilen ku\u0308c\u0327u\u0308k metin dosyalar\u0131d\u0131r. Tan\u0131mlama bilgileri bilgisayar\u0131n\u0131za zarar vermez ve bilgisayar viru\u0308su\u0308 ic\u0327ermez. C\u0327og\u0306u taray\u0131c\u0131, c\u0327erezleri otomatik olarak kabul edecek s\u0327ekilde ayarlanm\u0131s\u0327t\u0131r. Ancak, bu is\u0327levi taray\u0131c\u0131n\u0131zda devre d\u0131s\u0327\u0131 b\u0131rakma sec\u0327eneg\u0306iniz vard\u0131r. Al\u0131s\u0327veris\u0327 Noktas\u0131, web sitesini daha kullan\u0131c\u0131 dostu, daha etkili ve daha gu\u0308venli hale getirmek ic\u0327in c\u0327erezleri kullan\u0131r. C\u0327erezlerimiz belirli kis\u0327ilerle ilgili hic\u0327bir bilgi ic\u0327ermemektedir. Bizim taraf\u0131m\u0131zdan kullan\u0131lan c\u0327erezler \u201coturum c\u0327erezleri\u201d olarak adland\u0131r\u0131l\u0131r. Ziyaretinizin sonunda otomatik olarak silinir. Tabii ki web sitemizi de c\u0327erez olmadan go\u0308rmek de mu\u0308mku\u0308n. Ancak, bunun web sitemizin is\u0327levini s\u0131n\u0131rlayabileceg\u0306ini lu\u0308tfen unutmay\u0131n.<\/p>\n<p>Kis\u0327isel Veri Sahibi\u2019nin Haklar\u0131<\/p>\n<p>KVKK\u2019n\u0131n 11.maddesine istinaden;<\/p>\n<p>(i) Kis\u0327isel veri is\u0327lenip is\u0327lenmedig\u0306ini o\u0308g\u0306renme, (ii) Kis\u0327isel verileri is\u0327lenmis\u0327se buna ilis\u0327kin bilgi talep etme, (iii) Kis\u0327isel verilerin is\u0327lenme amac\u0131n\u0131 ve bunlar\u0131n amac\u0131na uygun kullan\u0131l\u0131p kullan\u0131lmad\u0131g\u0306\u0131n\u0131 o\u0308g\u0306renme, (iv) Yurt ic\u0327inde veya yurt d\u0131s\u0327\u0131nda kis\u0327isel verilerin aktar\u0131ld\u0131g\u0306\u0131 u\u0308c\u0327u\u0308ncu\u0308 kis\u0327ileri bilme, (v) Kis\u0327isel verilerin eksik veya yanl\u0131s\u0327 is\u0327lenmis\u0327 olmas\u0131<\/p>\n<\/div>\n<\/div>\n<\/div>\n<\/div>\n<div class=\"page\" title=\"Page 3\">\n<div class=\"section\">\n<div class=\"layoutArea\">\n<div class=\"column\">\n<p>ha\u0302linde bunlar\u0131n du\u0308zeltilmesini isteme, (vi) 7 nci maddede o\u0308ngo\u0308ru\u0308len s\u0327artlar c\u0327erc\u0327evesinde kis\u0327isel verilerin silinmesini veya yok edilmesini isteme, (vii) (d) ve (e) bentleri uyar\u0131nca yap\u0131lan is\u0327lemlerin, kis\u0327isel verilerin aktar\u0131ld\u0131g\u0306\u0131 u\u0308c\u0327u\u0308ncu\u0308 kis\u0327ilere bildirilmesini isteme, (viii) I\u0307s\u0327lenen verilerin mu\u0308nhas\u0131ran otomatik sistemler vas\u0131tas\u0131yla analiz edilmesi suretiyle kis\u0327inin kendisi aleyhine bir sonucun ortaya c\u0327\u0131kmas\u0131na itiraz etme, (ix) Kis\u0327isel verilerin kanuna ayk\u0131r\u0131 olarak is\u0327lenmesi sebebiyle zarara ug\u0306ramas\u0131 ha\u0302linde zarar\u0131n giderilmesini talep etme, haklar\u0131na sahipsiniz.<\/p>\n<p>Kis\u0327isel veri sahipleri olarak, haklar\u0131n\u0131za ilis\u0327kin taleplerinizi, is\u0327bu Kis\u0327isel Verilerin I\u0307s\u0327lenmesi Ayd\u0131nlatma Metni\u2019nde as\u0327ag\u0306\u0131da du\u0308zenlenen yo\u0308ntemlerle S\u0327irketimize iletmeniz durumunda S\u0327irketimiz talebin nitelig\u0306ine go\u0308re talebi en gec\u0327 otuz gu\u0308n ic\u0327inde u\u0308cretsiz olarak sonuc\u0327land\u0131racakt\u0131r. Ancak, Kis\u0327isel Verileri Koruma Kurulunca bir u\u0308cret o\u0308ngo\u0308ru\u0308lmesi halinde, S\u0327irketimiz taraf\u0131ndan belirlenen tarifedeki u\u0308cret al\u0131nacakt\u0131r. KVKK\u2019n\u0131n 13. maddesinin 1. f\u0131kras\u0131 gereg\u0306ince, yukar\u0131da belirtilen haklar\u0131n\u0131z\u0131 kullanmak ile ilgili talebinizi, yaz\u0131l\u0131 veya Kis\u0327isel Verileri Koruma Kurulu\u2019nun belirledig\u0306i dig\u0306er yo\u0308ntemlerle S\u0327irketimize iletebilirsiniz. Kis\u0327isel Verileri Koruma Kurulu, s\u0327u as\u0327amada herhangi bir yo\u0308ntem belirlemedig\u0306i ic\u0327in, bas\u0327vurunuzu, KVKK gereg\u0306ince, yaz\u0131l\u0131 olarak S\u0327irketimize iletmeniz gerekmektedir. Bu kapsamda yukar\u0131da belirtilen haklar\u0131n\u0131z\u0131 kullanmak ic\u0327in kimlig\u0306inizi tespit edici gerekli bilgiler ile KVKK\u2019n\u0131n 4. maddesi uyar\u0131nca Al\u0131s\u0327veris\u0327 Noktas\u0131 kis\u0327isel verilerinizi dog\u0306ru ve gerektig\u0306inde gu\u0308ncel olarak tutma yu\u0308ku\u0308mlu\u0308lu\u0308g\u0306u\u0308 bulunmaktad\u0131r. Bu kapsamda Al\u0131s\u0327veris\u0327 Noktas\u0131 yu\u0308ru\u0308rlu\u0308kteki mevzuattan dog\u0306an yu\u0308ku\u0308mlu\u0308lu\u0308klerini yerine getirebilmesi ic\u0327in mu\u0308s\u0327terilerimizin Al\u0131s\u0327veris\u0327 Noktas\u0131 ile dog\u0306ru ve gerektig\u0306inde gu\u0308ncel verilerini paylas\u0327mas\u0131 gerekmektedir. Verilerinizin herhangi bir surette deg\u0306is\u0327iklig\u0306e ug\u0306ramas\u0131 halinde as\u0327ag\u0306\u0131da belirtilen iletis\u0327im kanallar\u0131ndan bizimle iletis\u0327ime gec\u0327erek verilerinizi gu\u0308ncellemenizi rica ederiz.<\/p>\n<\/div>\n<\/div>\n<\/div>\n<\/div>","protected":false},"excerpt":{"rendered":"","protected":false},"author":1,"featured_media":0,"parent":0,"menu_order":0,"comment_status":"closed","ping_status":"closed","template":"","meta":{"footnotes":""},"class_list":["post-3002","page","type-page","status-publish","hentry"],"_links":{"self":[{"href":"https:\/\/ulasti.com\/en\/wp-json\/wp\/v2\/pages\/3002","targetHints":{"allow":["GET"]}}],"collection":[{"href":"https:\/\/ulasti.com\/en\/wp-json\/wp\/v2\/pages"}],"about":[{"href":"https:\/\/ulasti.com\/en\/wp-json\/wp\/v2\/types\/page"}],"author":[{"embeddable":true,"href":"https:\/\/ulasti.com\/en\/wp-json\/wp\/v2\/users\/1"}],"replies":[{"embeddable":true,"href":"https:\/\/ulasti.com\/en\/wp-json\/wp\/v2\/comments?post=3002"}],"version-history":[{"count":3,"href":"https:\/\/ulasti.com\/en\/wp-json\/wp\/v2\/pages\/3002\/revisions"}],"predecessor-version":[{"id":3127,"href":"https:\/\/ulasti.com\/en\/wp-json\/wp\/v2\/pages\/3002\/revisions\/3127"}],"wp:attachment":[{"href":"https:\/\/ulasti.com\/en\/wp-json\/wp\/v2\/media?parent=3002"}],"curies":[{"name":"wp","href":"https:\/\/api.w.org\/{rel}","templated":true}]}}