{"id":2731,"date":"2013-08-11T19:22:53","date_gmt":"2013-08-11T16:22:53","guid":{"rendered":"http:\/\/localhost:8888\/test\/?page_id=532"},"modified":"2023-10-12T00:05:54","modified_gmt":"2023-10-11T21:05:54","slug":"iletisim","status":"publish","type":"page","link":"https:\/\/ulasti.com\/en\/iletisim\/","title":{"rendered":"Contact"},"content":{"rendered":"<div class=\"row row-collapse row-full-width align-center\"  id=\"row-1337690655\">\n\n\n\t<div id=\"col-1066866845\" class=\"col small-12 large-12\"  >\n\t\t\t\t<div class=\"col-inner\"  >\n\t\t\t\n\t\t\t\n\n\n\n<iframe src=\"https:\/\/www.google.com\/maps\/embed?pb=!1m14!1m8!1m3!1d6015.053064236745!2d28.790251000000005!3d41.079341!3m2!1i1024!2i768!4f13.1!3m3!1m2!1s0x14caa5f45d49e3d1%3A0xe93a129dc7d37eb2!2sAymakoop%20Ayakkab%C4%B1c%C4%B1lar%20Sitesi!5e0!3m2!1str!2str!4v1696865424385!5m2!1str!2str\" width=\"100%\" height=\"450\" style=\"border:0;\" allowfullscreen=\"\" loading=\"lazy\" referrerpolicy=\"no-referrer-when-downgrade\"><\/iframe>\n\n\n\t\t<\/div>\n\t\t\t\t\t<\/div>\n\n\t\n\n<\/div>\n<div class=\"row\"  id=\"row-2090811430\">\n\n\n\t<div id=\"col-1959431869\" class=\"col medium-6 large-6\"  >\n\t\t\t\t<div class=\"col-inner\"  >\n\t\t\t\n\t\t\t\n\n<div class=\"container section-title-container\" ><h3 class=\"section-title section-title-normal\"><b><\/b><span class=\"section-title-main\" >Contact Us<\/span><b><\/b><\/h3><\/div>\n\n\n\t\t<div class=\"icon-box featured-box icon-box-top text-left\"  style=\"margin:20px 0px 0px 0px;\">\n\t\t\t\t<div class=\"icon-box-text last-reset\">\n\t\t\t<h5 class=\"uppercase\">Phone<\/h5>\t\t\t<h6>+90 (212) 405 15 15<\/h6>\t\t\t\n\n\n\t\t<\/div>\n\t<\/div>\n\t\n\t\n\n\t\t<div class=\"icon-box featured-box icon-box-top text-left\"  style=\"margin:20px 0px 0px 0px;\">\n\t\t\t\t<div class=\"icon-box-text last-reset\">\n\t\t\t<h5 class=\"uppercase\">E-Mail<\/h5>\t\t\t<h6>info@ulasti.com<\/h6>\t\t\t\n\n\n\t\t<\/div>\n\t<\/div>\n\t\n\t\n\n\t\t<\/div>\n\t\t\t\t\t<\/div>\n\n\t\n\n\t<div id=\"col-2057483487\" class=\"col medium-6 large-6\"  >\n\t\t\t\t<div class=\"col-inner\"  >\n\t\t\t\n\t\t\t\n\n<div class=\"container section-title-container\" ><h3 class=\"section-title section-title-normal\"><b><\/b><span class=\"section-title-main\" >Write Us<\/span><b><\/b><\/h3><\/div>\n\n\n<div class=\"wpcf7 no-js\" id=\"wpcf7-f2647-o1\" lang=\"en-US\" dir=\"ltr\">\n<div class=\"screen-reader-response\"><p role=\"status\" aria-live=\"polite\" aria-atomic=\"true\"><\/p> <ul><\/ul><\/div>\n<form action=\"\/en\/wp-json\/wp\/v2\/pages\/2731#wpcf7-f2647-o1\" method=\"post\" class=\"wpcf7-form init\" aria-label=\"Contact form\" novalidate=\"novalidate\" data-status=\"init\" data-trp-original-action=\"\/en\/wp-json\/wp\/v2\/pages\/2731#wpcf7-f2647-o1\">\n<div style=\"display: none;\">\n<input type=\"hidden\" name=\"_wpcf7\" value=\"2647\" \/>\n<input type=\"hidden\" name=\"_wpcf7_version\" value=\"5.8.1\" \/>\n<input type=\"hidden\" name=\"_wpcf7_locale\" value=\"en_US\" \/>\n<input type=\"hidden\" name=\"_wpcf7_unit_tag\" value=\"wpcf7-f2647-o1\" \/>\n<input type=\"hidden\" name=\"_wpcf7_container_post\" value=\"0\" \/>\n<input type=\"hidden\" name=\"_wpcf7_posted_data_hash\" value=\"\" \/>\n<\/div>\n<div class=\"form-flat\">\n\t<p><span class=\"wpcf7-form-control-wrap\" data-name=\"your-name\"><input size=\"40\" class=\"wpcf7-form-control wpcf7-text wpcf7-validates-as-required\" aria-required=\"true\" aria-invalid=\"false\" placeholder=\"Name &amp; Surname\" value=\"\" type=\"text\" name=\"your-name\" \/><\/span>\n\t<\/p>\n\t<p><span class=\"wpcf7-form-control-wrap\" data-name=\"your-phone\"><input size=\"40\" class=\"wpcf7-form-control wpcf7-text wpcf7-validates-as-required\" aria-required=\"true\" aria-invalid=\"false\" placeholder=\"Phone Number\" value=\"\" type=\"text\" name=\"your-phone\" \/><\/span>\n\t<\/p>\n\t<p><span class=\"wpcf7-form-control-wrap\" data-name=\"your-email\"><input size=\"40\" class=\"wpcf7-form-control wpcf7-email wpcf7-validates-as-required wpcf7-text wpcf7-validates-as-email\" aria-required=\"true\" aria-invalid=\"false\" placeholder=\"E-Mail Address\" value=\"\" type=\"email\" name=\"your-email\" \/><\/span>\n\t<\/p>\n\t<p><span class=\"wpcf7-form-control-wrap\" data-name=\"your-message\"><textarea cols=\"40\" rows=\"10\" class=\"wpcf7-form-control wpcf7-textarea\" aria-invalid=\"false\" placeholder=\"Messages\" name=\"your-message\"><\/textarea><\/span>\n\t<\/p>\n\t<p><input class=\"wpcf7-form-control wpcf7-submit has-spinner button\" type=\"submit\" value=\"Send\" \/>\n\t<\/p>\n<\/div><div class=\"wpcf7-response-output\" aria-hidden=\"true\"><\/div>\n<input type=\"hidden\" name=\"trp-form-language\" value=\"en\"\/><\/form>\n<\/div>\n\n\n\t\t<\/div>\n\t\t\t\t\t<\/div>\n\n\t\n\n\n<style>\n#row-2090811430 > .col > .col-inner {\n  padding: 60px 0px 0px 0px;\n}\n<\/style>\n<\/div>\n<div class=\"row\"  id=\"row-1758705449\">\n\n\n\t<div id=\"col-1142109284\" class=\"col small-12 large-12\"  >\n\t\t\t\t<div class=\"col-inner\"  >\n\t\t\t\n\t\t\t\n\n\n\t\t<div class=\"tabbed-content\">\n\t\t\t\n\t\t\t<ul class=\"nav nav-line nav-vertical nav-uppercase nav-size-normal nav-left\" role=\"tablist\"><li id=\"tab-genel-merkez\" class=\"tab active has-icon\" role=\"presentation\"><a href=\"#tab_genel-merkez\" role=\"tab\" aria-selected=\"true\" aria-controls=\"tab_genel-merkez\"><span>Head Office<\/span><\/a><\/li>\n<li id=\"tab-fabrika\" class=\"tab has-icon\" role=\"presentation\"><a href=\"#tab_fabrika\" tabindex=\"-1\" role=\"tab\" aria-selected=\"false\" aria-controls=\"tab_fabrika\"><span>Factory<\/span><\/a><\/li>\n<li id=\"tab-aymakoop-ma\u011faza\" class=\"tab has-icon\" role=\"presentation\"><a href=\"#tab_aymakoop-ma\u011faza\" tabindex=\"-1\" role=\"tab\" aria-selected=\"false\" aria-controls=\"tab_aymakoop-ma\u011faza\"><span>Aymakoop Store<\/span><\/a><\/li>\n<li id=\"tab-gedikpa\u015fa-ma\u011faza\" class=\"tab has-icon\" role=\"presentation\"><a href=\"#tab_gedikpa\u015fa-ma\u011faza\" tabindex=\"-1\" role=\"tab\" aria-selected=\"false\" aria-controls=\"tab_gedikpa\u015fa-ma\u011faza\"><span>Gedikpa\u015fa Store<\/span><\/a><\/li><\/ul><div class=\"tab-panels\"><div id=\"tab_genel-merkez\" class=\"panel active entry-content\" role=\"tabpanel\" aria-labelledby=\"tab-genel-merkez\">\n\n\t<div id=\"text-1348864435\" class=\"text\">\n\t\t\n\n<p>\u0130kitelli O.S.B. Aymakoop Sanayi Sitesi Ticaret Merkezi A Blok No:31-32 Ba\u015fak\u015fehir \u0130stanbul<\/p>\n\n\t\t\n<style>\n#text-1348864435 {\n  color: rgb(0, 0, 0);\n}\n#text-1348864435 > * {\n  color: rgb(0, 0, 0);\n}\n<\/style>\n\t<\/div>\n\t\n\n\n<iframe src=\"https:\/\/www.google.com\/maps\/embed?pb=!1m18!1m12!1m3!1d48138.21139430878!2d28.808601449514033!3d41.055040163881635!2m3!1f0!2f0!3f0!3m2!1i1024!2i768!4f13.1!3m3!1m2!1s0x14caa5f45d49e3d1%3A0xe93a129dc7d37eb2!2sAymakoop%20Ayakkab%C4%B1c%C4%B1lar%20Sitesi!5e0!3m2!1str!2str!4v1696948704506!5m2!1str!2str\" width=\"100%\" height=\"350\" style=\"border:0;\" allowfullscreen=\"\" loading=\"lazy\" referrerpolicy=\"no-referrer-when-downgrade\"><\/iframe>\n\n\n<\/div>\n<div id=\"tab_fabrika\" class=\"panel entry-content\" role=\"tabpanel\" aria-labelledby=\"tab-fabrika\">\n\n\t<div id=\"text-1194860589\" class=\"text\">\n\t\t\n\n<p>Ak\u00e7aburgaz Mah. 1585 Sk. TEM34 \u0130\u015f Merkezi No:63 Esenyurt Istanbul<\/p>\n\t\t\n<style>\n#text-1194860589 {\n  color: rgb(0, 0, 0);\n}\n#text-1194860589 > * {\n  color: rgb(0, 0, 0);\n}\n<\/style>\n\t<\/div>\n\t\n\n\n<iframe src=\"https:\/\/www.google.com\/maps\/embed?pb=!1m18!1m12!1m3!1d3007.937620304643!2d28.64332867711572!3d41.07035617134203!2m3!1f0!2f0!3f0!3m2!1i1024!2i768!4f13.1!3m3!1m2!1s0x14caa45a5ef33a69%3A0x1b2d25d322ae2e20!2sEFSANE%20AMBALAJ!5e0!3m2!1str!2str!4v1696948820011!5m2!1str!2str\" width=\"100%\" height=\"350\" style=\"border:0;\" allowfullscreen=\"\" loading=\"lazy\" referrerpolicy=\"no-referrer-when-downgrade\"><\/iframe>\n\n\n<\/div>\n<div id=\"tab_aymakoop-ma\u011faza\" class=\"panel entry-content\" role=\"tabpanel\" aria-labelledby=\"tab-aymakoop-ma\u011faza\">\n\n\t<div id=\"text-1243959262\" class=\"text\">\n\t\t\n\n<p>\u0130kitelli O.S.B. Aymakoop Sanayi Sitesi Ticaret Merkezi B-5 Blok No:21 Ba\u015fak\u015fehir \u0130stanbul<\/p>\n\t\t\n<style>\n#text-1243959262 {\n  color: rgb(0, 0, 0);\n}\n#text-1243959262 > * {\n  color: rgb(0, 0, 0);\n}\n<\/style>\n\t<\/div>\n\t\n\n\n<iframe src=\"https:\/\/www.google.com\/maps\/embed?pb=!1m18!1m12!1m3!1d12031.164709919301!2d28.78640078171864!3d41.073557041461186!2m3!1f0!2f0!3f0!3m2!1i1024!2i768!4f13.1!3m3!1m2!1s0x14caa5f45d49e3d1%3A0xe93a129dc7d37eb2!2sAymakoop%20Ayakkab%C4%B1c%C4%B1lar%20Sitesi!5e0!3m2!1str!2str!4v1696949092452!5m2!1str!2str\" width=\"100%\" height=\"350\" style=\"border:0;\" allowfullscreen=\"\" loading=\"lazy\" referrerpolicy=\"no-referrer-when-downgrade\"><\/iframe>\n\n\n<\/div>\n<div id=\"tab_gedikpa\u015fa-ma\u011faza\" class=\"panel entry-content\" role=\"tabpanel\" aria-labelledby=\"tab-gedikpa\u015fa-ma\u011faza\">\n\n\t<div id=\"text-4271467049\" class=\"text\">\n\t\t\n\n<p>Emin Sinan Mah. Pertev Pa\u015fa Sk. No:23\/C Fatih \u0130stanbul<\/p>\n\t\t\n<style>\n#text-4271467049 {\n  color: rgb(0, 0, 0);\n}\n#text-4271467049 > * {\n  color: rgb(0, 0, 0);\n}\n<\/style>\n\t<\/div>\n\t\n\n\n<iframe src=\"https:\/\/www.google.com\/maps\/embed?pb=!1m18!1m12!1m3!1d3010.8234785346185!2d28.967229977113657!3d41.00723667135062!2m3!1f0!2f0!3f0!3m2!1i1024!2i768!4f13.1!3m3!1m2!1s0x14cab990c849f20b%3A0x930bcd2da41d319d!2sEmin%20Sinan%2C%20Pertev%20Pa%C5%9Fa%20Sk.%20No%3A23%20D%3Ac%2C%2034126%20Fatih%2F%C4%B0stanbul!5e0!3m2!1str!2str!4v1696949171771!5m2!1str!2str\" width=\"100%\" height=\"350\" style=\"border:0;\" allowfullscreen=\"\" loading=\"lazy\" referrerpolicy=\"no-referrer-when-downgrade\"><\/iframe>\n\n\n<\/div><\/div><\/div>\n\n\t\t<\/div>\n\t\t\t\t\t<\/div>\n\n\t\n\n\n<style>\n#row-1758705449 > .col > .col-inner {\n  padding: 60px 0px 0px 0px;\n}\n<\/style>\n<\/div>\n<p>\u00a0<\/p>","protected":false},"excerpt":{"rendered":"","protected":false},"author":1,"featured_media":2651,"parent":0,"menu_order":0,"comment_status":"closed","ping_status":"closed","template":"page-blank.php","meta":{"footnotes":""},"class_list":["post-2731","page","type-page","status-publish","has-post-thumbnail","hentry"],"_links":{"self":[{"href":"https:\/\/ulasti.com\/en\/wp-json\/wp\/v2\/pages\/2731","targetHints":{"allow":["GET"]}}],"collection":[{"href":"https:\/\/ulasti.com\/en\/wp-json\/wp\/v2\/pages"}],"about":[{"href":"https:\/\/ulasti.com\/en\/wp-json\/wp\/v2\/types\/page"}],"author":[{"embeddable":true,"href":"https:\/\/ulasti.com\/en\/wp-json\/wp\/v2\/users\/1"}],"replies":[{"embeddable":true,"href":"https:\/\/ulasti.com\/en\/wp-json\/wp\/v2\/comments?post=2731"}],"version-history":[{"count":14,"href":"https:\/\/ulasti.com\/en\/wp-json\/wp\/v2\/pages\/2731\/revisions"}],"predecessor-version":[{"id":3170,"href":"https:\/\/ulasti.com\/en\/wp-json\/wp\/v2\/pages\/2731\/revisions\/3170"}],"wp:featuredmedia":[{"embeddable":true,"href":"https:\/\/ulasti.com\/en\/wp-json\/wp\/v2\/media\/2651"}],"wp:attachment":[{"href":"https:\/\/ulasti.com\/en\/wp-json\/wp\/v2\/media?parent=2731"}],"curies":[{"name":"wp","href":"https:\/\/api.w.org\/{rel}","templated":true}]}}