{"id":2668,"date":"2016-08-04T11:15:19","date_gmt":"2016-08-04T08:15:19","guid":{"rendered":"http:\/\/flatsome.dev\/?page_id=8412"},"modified":"2023-10-10T19:07:31","modified_gmt":"2023-10-10T16:07:31","slug":"adreslerimiz","status":"publish","type":"page","link":"https:\/\/ulasti.com\/en\/adreslerimiz\/","title":{"rendered":"Our Stores"},"content":{"rendered":"<div class=\"banner has-hover has-parallax\" id=\"banner-150985250\">\n          <div class=\"banner-inner fill\">\n        <div class=\"banner-bg fill\" data-parallax=\"-2\" data-parallax-container=\".banner\" data-parallax-background>\n            <div class=\"bg fill bg-fill\"><\/div>\n                        <div class=\"overlay\"><\/div>            \n                    <\/div>\n\t\t\n        <div class=\"banner-layers container\">\n            <div class=\"fill banner-link\"><\/div>            \n\n   <div id=\"text-box-337625078\" class=\"text-box banner-layer x50 md-x50 lg-x50 y50 md-y50 lg-y50 res-text\">\n                                <div class=\"text-box-content text dark\">\n              \n              <div class=\"text-inner text-center\">\n                  \n\n<h3 class=\"uppercase\"><strong>Our Stores<\/strong><\/h3>\n<div class=\"is-divider divider clearfix\" ><\/div>\n\n\n              <\/div>\n           <\/div>\n                            \n<style>\n#text-box-337625078 {\n  width: 60%;\n}\n#text-box-337625078 .text-box-content {\n  font-size: 100%;\n}\n@media (min-width:550px) {\n  #text-box-337625078 {\n    width: 68%;\n  }\n}\n<\/style>\n    <\/div>\n \n\n        <\/div>\n      <\/div>\n\n            \n<style>\n#banner-150985250 {\n  padding-top: 300px;\n}\n#banner-150985250 .bg.bg-loaded {\n  background-image: url(https:\/\/ulasti.com\/wp-content\/uploads\/2023\/09\/about-1024x213.jpg);\n}\n#banner-150985250 .overlay {\n  background-color: rgba(0, 0, 0, 0.2);\n}\n<\/style>\n  <\/div>\n\n\n<div class=\"row\"  id=\"row-712913167\">\n\n\n\t<div id=\"col-551131606\" class=\"col small-12 large-12\"  >\n\t\t\t\t<div class=\"col-inner\"  >\n\t\t\t\n\t\t\t\n\n\n\t\t<div class=\"tabbed-content\">\n\t\t\t\n\t\t\t<ul class=\"nav nav-line nav-vertical nav-uppercase nav-size-normal nav-left\" role=\"tablist\"><li id=\"tab-genel-merkez\" class=\"tab active has-icon\" role=\"presentation\"><a href=\"#tab_genel-merkez\" role=\"tab\" aria-selected=\"true\" aria-controls=\"tab_genel-merkez\"><span>Head Office<\/span><\/a><\/li>\n<li id=\"tab-fabrika\" class=\"tab has-icon\" role=\"presentation\"><a href=\"#tab_fabrika\" tabindex=\"-1\" role=\"tab\" aria-selected=\"false\" aria-controls=\"tab_fabrika\"><span>Factory<\/span><\/a><\/li>\n<li id=\"tab-aymakoop-ma\u011faza\" class=\"tab has-icon\" role=\"presentation\"><a href=\"#tab_aymakoop-ma\u011faza\" tabindex=\"-1\" role=\"tab\" aria-selected=\"false\" aria-controls=\"tab_aymakoop-ma\u011faza\"><span>Aymakoop Store<\/span><\/a><\/li>\n<li id=\"tab-gedikpa\u015fa-ma\u011faza\" class=\"tab has-icon\" role=\"presentation\"><a href=\"#tab_gedikpa\u015fa-ma\u011faza\" tabindex=\"-1\" role=\"tab\" aria-selected=\"false\" aria-controls=\"tab_gedikpa\u015fa-ma\u011faza\"><span>Gedikpa\u015fa Store<\/span><\/a><\/li><\/ul><div class=\"tab-panels\"><div id=\"tab_genel-merkez\" class=\"panel active entry-content\" role=\"tabpanel\" aria-labelledby=\"tab-genel-merkez\">\n\n\t<div id=\"text-2813836627\" class=\"text\">\n\t\t\n\n<p>\u0130kitelli O.S.B. Aymakoop Sanayi Sitesi Ticaret Merkezi A Blok No:31 Ba\u015fak\u015fehir \u0130stanbul<\/p>\n\t\t\n<style>\n#text-2813836627 {\n  color: rgb(0, 0, 0);\n}\n#text-2813836627 > * {\n  color: rgb(0, 0, 0);\n}\n<\/style>\n\t<\/div>\n\t\n\n\n<iframe src=\"https:\/\/www.google.com\/maps\/embed?pb=!1m18!1m12!1m3!1d48138.21139430878!2d28.808601449514033!3d41.055040163881635!2m3!1f0!2f0!3f0!3m2!1i1024!2i768!4f13.1!3m3!1m2!1s0x14caa5f45d49e3d1%3A0xe93a129dc7d37eb2!2sAymakoop%20Ayakkab%C4%B1c%C4%B1lar%20Sitesi!5e0!3m2!1str!2str!4v1696948704506!5m2!1str!2str\" width=\"100%\" height=\"350\" style=\"border:0;\" allowfullscreen=\"\" loading=\"lazy\" referrerpolicy=\"no-referrer-when-downgrade\"><\/iframe>\n\n\n<\/div>\n<div id=\"tab_fabrika\" class=\"panel entry-content\" role=\"tabpanel\" aria-labelledby=\"tab-fabrika\">\n\n\t<div id=\"text-366038544\" class=\"text\">\n\t\t\n\n<p>Ak\u00e7aburgaz Mah. 1585 Sk. TEM34 \u0130\u015f Merkezi No:63 Esenyurt Istanbul<\/p>\n\t\t\n<style>\n#text-366038544 {\n  color: rgb(0, 0, 0);\n}\n#text-366038544 > * {\n  color: rgb(0, 0, 0);\n}\n<\/style>\n\t<\/div>\n\t\n\n\n<iframe src=\"https:\/\/www.google.com\/maps\/embed?pb=!1m18!1m12!1m3!1d3007.937620304643!2d28.64332867711572!3d41.07035617134203!2m3!1f0!2f0!3f0!3m2!1i1024!2i768!4f13.1!3m3!1m2!1s0x14caa45a5ef33a69%3A0x1b2d25d322ae2e20!2sEFSANE%20AMBALAJ!5e0!3m2!1str!2str!4v1696948820011!5m2!1str!2str\" width=\"100%\" height=\"350\" style=\"border:0;\" allowfullscreen=\"\" loading=\"lazy\" referrerpolicy=\"no-referrer-when-downgrade\"><\/iframe>\n\n\n<\/div>\n<div id=\"tab_aymakoop-ma\u011faza\" class=\"panel entry-content\" role=\"tabpanel\" aria-labelledby=\"tab-aymakoop-ma\u011faza\">\n\n\t<div id=\"text-4212270924\" class=\"text\">\n\t\t\n\n<p>\u0130kitelli O.S.B. Aymakoop Sanayi Sitesi Ticaret Merkezi B-5 Blok No:21 Ba\u015fak\u015fehir \u0130stanbul<\/p>\n\t\t\n<style>\n#text-4212270924 {\n  color: rgb(0, 0, 0);\n}\n#text-4212270924 > * {\n  color: rgb(0, 0, 0);\n}\n<\/style>\n\t<\/div>\n\t\n\n\n<iframe src=\"https:\/\/www.google.com\/maps\/embed?pb=!1m18!1m12!1m3!1d12031.164709919301!2d28.78640078171864!3d41.073557041461186!2m3!1f0!2f0!3f0!3m2!1i1024!2i768!4f13.1!3m3!1m2!1s0x14caa5f45d49e3d1%3A0xe93a129dc7d37eb2!2sAymakoop%20Ayakkab%C4%B1c%C4%B1lar%20Sitesi!5e0!3m2!1str!2str!4v1696949092452!5m2!1str!2str\" width=\"100%\" height=\"350\" style=\"border:0;\" allowfullscreen=\"\" loading=\"lazy\" referrerpolicy=\"no-referrer-when-downgrade\"><\/iframe>\n\n\n<\/div>\n<div id=\"tab_gedikpa\u015fa-ma\u011faza\" class=\"panel entry-content\" role=\"tabpanel\" aria-labelledby=\"tab-gedikpa\u015fa-ma\u011faza\">\n\n\t<div id=\"text-3666521042\" class=\"text\">\n\t\t\n\n<p>Emin Sinan Mah. Pertev Pa\u015fa Sk. No:23\/C Fatih \u0130stanbul<\/p>\n\t\t\n<style>\n#text-3666521042 {\n  color: rgb(0, 0, 0);\n}\n#text-3666521042 > * {\n  color: rgb(0, 0, 0);\n}\n<\/style>\n\t<\/div>\n\t\n\n\n<iframe src=\"https:\/\/www.google.com\/maps\/embed?pb=!1m18!1m12!1m3!1d3010.8234785346185!2d28.967229977113657!3d41.00723667135062!2m3!1f0!2f0!3f0!3m2!1i1024!2i768!4f13.1!3m3!1m2!1s0x14cab990c849f20b%3A0x930bcd2da41d319d!2sEmin%20Sinan%2C%20Pertev%20Pa%C5%9Fa%20Sk.%20No%3A23%20D%3Ac%2C%2034126%20Fatih%2F%C4%B0stanbul!5e0!3m2!1str!2str!4v1696949171771!5m2!1str!2str\" width=\"100%\" height=\"350\" style=\"border:0;\" allowfullscreen=\"\" loading=\"lazy\" referrerpolicy=\"no-referrer-when-downgrade\"><\/iframe>\n\n\n<\/div><\/div><\/div>\n\n\t\t<\/div>\n\t\t\t\t\t<\/div>\n\n\t\n\n\n<style>\n#row-712913167 > .col > .col-inner {\n  padding: 60px 0px 0px 0px;\n}\n<\/style>\n<\/div>","protected":false},"excerpt":{"rendered":"","protected":false},"author":1,"featured_media":2651,"parent":0,"menu_order":0,"comment_status":"closed","ping_status":"closed","template":"page-blank.php","meta":{"footnotes":""},"class_list":["post-2668","page","type-page","status-publish","has-post-thumbnail","hentry"],"_links":{"self":[{"href":"https:\/\/ulasti.com\/en\/wp-json\/wp\/v2\/pages\/2668","targetHints":{"allow":["GET"]}}],"collection":[{"href":"https:\/\/ulasti.com\/en\/wp-json\/wp\/v2\/pages"}],"about":[{"href":"https:\/\/ulasti.com\/en\/wp-json\/wp\/v2\/types\/page"}],"author":[{"embeddable":true,"href":"https:\/\/ulasti.com\/en\/wp-json\/wp\/v2\/users\/1"}],"replies":[{"embeddable":true,"href":"https:\/\/ulasti.com\/en\/wp-json\/wp\/v2\/comments?post=2668"}],"version-history":[{"count":6,"href":"https:\/\/ulasti.com\/en\/wp-json\/wp\/v2\/pages\/2668\/revisions"}],"predecessor-version":[{"id":3103,"href":"https:\/\/ulasti.com\/en\/wp-json\/wp\/v2\/pages\/2668\/revisions\/3103"}],"wp:featuredmedia":[{"embeddable":true,"href":"https:\/\/ulasti.com\/en\/wp-json\/wp\/v2\/media\/2651"}],"wp:attachment":[{"href":"https:\/\/ulasti.com\/en\/wp-json\/wp\/v2\/media?parent=2668"}],"curies":[{"name":"wp","href":"https:\/\/api.w.org\/{rel}","templated":true}]}}